{"id":2434,"date":"2024-09-10T12:30:41","date_gmt":"2024-09-10T09:30:41","guid":{"rendered":"https:\/\/discoverkavala.com\/?page_id=2434"},"modified":"2025-02-06T08:27:45","modified_gmt":"2025-02-06T06:27:45","slug":"festivals-events","status":"publish","type":"page","link":"https:\/\/discoverasprovalta-vrasna.com\/ro\/festivals-events","title":{"rendered":"Festivals &#8211; Events"},"content":{"rendered":"<div data-elementor-type=\"wp-page\" data-elementor-id=\"2434\" class=\"elementor elementor-2434\" data-elementor-settings=\"{&quot;ha_cmc_init_switcher&quot;:&quot;no&quot;}\" data-elementor-post-type=\"page\">\n\t\t\t\t\t\t<section class=\"elementor-section elementor-top-section elementor-element elementor-element-38ae640 elementor-section-boxed elementor-section-height-default elementor-section-height-default\" data-id=\"38ae640\" data-element_type=\"section\" data-settings=\"{&quot;_ha_eqh_enable&quot;:false}\">\n\t\t\t\t\t\t<div class=\"elementor-container elementor-column-gap-default\">\n\t\t\t\t\t<div class=\"elementor-column elementor-col-100 elementor-top-column elementor-element elementor-element-8c42560\" data-id=\"8c42560\" data-element_type=\"column\">\n\t\t\t<div class=\"elementor-widget-wrap elementor-element-populated\">\n\t\t\t\t\t\t<div class=\"elementor-element elementor-element-1de4cb5 elementor-view-default elementor-position-block-start elementor-mobile-position-block-start elementor-widget elementor-widget-icon-box\" data-id=\"1de4cb5\" data-element_type=\"widget\" data-widget_type=\"icon-box.default\">\n\t\t\t\t<div class=\"elementor-widget-container\">\n\t\t\t\t\t\t\t<div class=\"elementor-icon-box-wrapper\">\n\n\t\t\t\t\t\t<div class=\"elementor-icon-box-icon\">\n\t\t\t\t<span  class=\"elementor-icon\">\n\t\t\t\t<svg xmlns=\"http:\/\/www.w3.org\/2000\/svg\" xmlns:xlink=\"http:\/\/www.w3.org\/1999\/xlink\" id=\"Layer_1\" x=\"0px\" y=\"0px\" viewbox=\"0 0 200 200\" style=\"enable-background:new 0 0 200 200;\" xml:space=\"preserve\"><style type=\"text\/css\">\t.st0{fill:#0E605D;}\t.st1{fill:none;}<\/style><g>\t<path class=\"st0\" d=\"M0,0v200h200V0H0z M180.49,160.45H19.51V19.54h160.97V160.45z\"><\/path>\t<g>\t\t<g>\t\t\t<g>\t\t\t\t<path class=\"st0\" d=\"M99.89,116.87c-13.65,0-24.76-11.11-24.76-24.76s11.11-24.76,24.76-24.76s24.76,11.11,24.76,24.76     S113.55,116.87,99.89,116.87z M99.89,68.69c-12.91,0-23.42,10.51-23.42,23.42s10.51,23.42,23.42,23.42     c12.91,0,23.42-10.51,23.42-23.42S112.81,68.69,99.89,68.69z\"><\/path>\t\t\t<\/g>\t\t\t<path class=\"st0\" d=\"M99.89,73.12c-10.49,0-18.99,8.5-18.99,18.99s8.5,18.99,18.99,18.99s18.99-8.5,18.99-18.99    S110.38,73.12,99.89,73.12z M99.89,78.66c-7.42,0-13.45,6.03-13.45,13.45H85.1c0-8.16,6.64-14.79,14.79-14.79V78.66z\"><\/path>\t\t\t<path class=\"st0\" d=\"M144.42,57.79H74.46v-2.55c0-0.9-0.73-1.64-1.64-1.64H61.35c-0.9,0-1.64,0.73-1.64,1.64v2.55h-4.13    c-2.14,0-3.88,1.74-3.88,3.88v60.83c0,2.14,1.74,3.88,3.88,3.88h88.83c2.14,0,3.88-1.74,3.88-3.88V61.67    C148.3,59.53,146.56,57.79,144.42,57.79z M99.89,119.78c-15.28,0-27.67-12.39-27.67-27.67s12.39-27.67,27.67-27.67    s27.67,12.39,27.67,27.67S115.18,119.78,99.89,119.78z M139.19,68.02L139.19,68.02v0.01c0,2.88-2.34,5.22-5.22,5.22h-0.01h-4.28    h-0.01c-2.88,0-5.22-2.34-5.22-5.22v-0.01v0V68c0-2.88,2.34-5.22,5.22-5.22h0.01h4.28h0.01c2.88,0,5.22,2.34,5.22,5.22V68.02z\"><\/path>\t\t<\/g>\t<\/g><\/g><rect x=\"-404.88\" y=\"75.15\" class=\"st1\" width=\"200\" height=\"200\"><\/rect><\/svg>\t\t\t\t<\/span>\n\t\t\t<\/div>\n\t\t\t\n\t\t\t\t\t\t<div class=\"elementor-icon-box-content\">\n\n\t\t\t\t\t\t\t\t\t<h2 class=\"elementor-icon-box-title\">\n\t\t\t\t\t\t<span  >\n\t\t\t\t\t\t\tFestivals - Events\t\t\t\t\t\t<\/span>\n\t\t\t\t\t<\/h2>\n\t\t\t\t\n\t\t\t\t\n\t\t\t<\/div>\n\t\t\t\n\t\t<\/div>\n\t\t\t\t\t\t<\/div>\n\t\t\t\t<\/div>\n\t\t\t\t<div class=\"elementor-element elementor-element-f930cad elementor-widget elementor-widget-text-editor\" data-id=\"f930cad\" data-element_type=\"widget\" data-widget_type=\"text-editor.default\">\n\t\t\t\t<div class=\"elementor-widget-container\">\n\t\t\t\t\t\t\t\t\t<p>\u201cDiscover Asprovalta \u2013 Vrasna, the jewel of Strymonikos\u201d<\/p>\t\t\t\t\t\t\t\t<\/div>\n\t\t\t\t<\/div>\n\t\t\t\t\t<\/div>\n\t\t<\/div>\n\t\t\t\t\t<\/div>\n\t\t<\/section>\n\t\t\t\t<section class=\"elementor-section elementor-top-section elementor-element elementor-element-2f33341 elementor-section-boxed elementor-section-height-default elementor-section-height-default\" data-id=\"2f33341\" data-element_type=\"section\" data-settings=\"{&quot;_ha_eqh_enable&quot;:false}\">\n\t\t\t\t\t\t<div class=\"elementor-container elementor-column-gap-default\">\n\t\t\t\t\t<div class=\"elementor-column elementor-col-100 elementor-top-column elementor-element elementor-element-072fd3c\" data-id=\"072fd3c\" data-element_type=\"column\">\n\t\t\t<div class=\"elementor-widget-wrap elementor-element-populated\">\n\t\t\t\t\t\t<section class=\"elementor-section elementor-inner-section elementor-element elementor-element-68329c1 elementor-section-boxed elementor-section-height-default elementor-section-height-default\" data-id=\"68329c1\" data-element_type=\"section\" data-settings=\"{&quot;_ha_eqh_enable&quot;:false}\">\n\t\t\t\t\t\t<div class=\"elementor-container elementor-column-gap-default\">\n\t\t\t\t\t<div class=\"elementor-column elementor-col-50 elementor-inner-column elementor-element elementor-element-b157507\" data-id=\"b157507\" data-element_type=\"column\">\n\t\t\t<div class=\"elementor-widget-wrap elementor-element-populated\">\n\t\t\t\t\t\t<div class=\"elementor-element elementor-element-c633423 elementor-widget elementor-widget-image\" data-id=\"c633423\" data-element_type=\"widget\" data-widget_type=\"image.default\">\n\t\t\t\t<div class=\"elementor-widget-container\">\n\t\t\t\t\t\t\t\t\t\t\t\t\t\t\t<img decoding=\"async\" src=\"https:\/\/discoverasprovalta-vrasna.com\/wp-content\/plugins\/elementor\/assets\/images\/placeholder.png\" title=\"\" alt=\"\" loading=\"lazy\" \/>\t\t\t\t\t\t\t\t\t\t\t\t\t\t\t<\/div>\n\t\t\t\t<\/div>\n\t\t\t\t\t<\/div>\n\t\t<\/div>\n\t\t\t\t<div class=\"elementor-column elementor-col-50 elementor-inner-column elementor-element elementor-element-a1554fa\" data-id=\"a1554fa\" data-element_type=\"column\">\n\t\t\t<div class=\"elementor-widget-wrap elementor-element-populated\">\n\t\t\t\t\t\t<div class=\"elementor-element elementor-element-fb89d13 elementor-widget elementor-widget-heading\" data-id=\"fb89d13\" data-element_type=\"widget\" data-widget_type=\"heading.default\">\n\t\t\t\t<div class=\"elementor-widget-container\">\n\t\t\t\t\t<h2 class=\"elementor-heading-title elementor-size-default\">S\u0103rb\u0103toarea Sf\u00e2ntului Ioan Klidonas<\/h2>\t\t\t\t<\/div>\n\t\t\t\t<\/div>\n\t\t\t\t<div class=\"elementor-element elementor-element-a72fb1f elementor-widget elementor-widget-text-editor\" data-id=\"a72fb1f\" data-element_type=\"widget\" data-widget_type=\"text-editor.default\">\n\t\t\t\t<div class=\"elementor-widget-container\">\n\t\t\t\t\t\t\t\t\t<p>\u00cen Vrasna, S\u0103rb\u0103toarea Sf\u00e2ntului Ioan Klidonas este un eveniment tradi\u021bional plin de vitalitate \u0219i entuziasm, readus la via\u021b\u0103 \u00een fiecare an. Localnicii \u0219i vizitatorii se adun\u0103 \u00een jurul focurilor, s\u0103rind de trei ori peste ele pentru a atrage noroc \u0219i prosperitate. Aceste focuri, cunoscute sub numele de \u201elampadismata\u201d, \u00eent\u0103resc sentimentul de comunitate. Unul dintre cele mai fascinante obiceiuri este \u201eapa t\u0103cut\u0103\u201d, unde fetele nec\u0103s\u0103torite arunc\u0103 obiecte personale \u00een ap\u0103 pentru a descoperi planurile lor de viitor. S\u0103rb\u0103toarea ofer\u0103, de asemenea, ocazia de a dansa tradi\u021bional, de a gusta delicatese locale \u0219i de a experimenta ospitalitatea cald\u0103 a localnicilor, oferind o experien\u021b\u0103 autentic\u0103 a tradi\u021biei grece\u0219ti.<\/p>\t\t\t\t\t\t\t\t<\/div>\n\t\t\t\t<\/div>\n\t\t\t\t\t<\/div>\n\t\t<\/div>\n\t\t\t\t\t<\/div>\n\t\t<\/section>\n\t\t\t\t<section class=\"elementor-section elementor-inner-section elementor-element elementor-element-622d81d elementor-section-boxed elementor-section-height-default elementor-section-height-default\" data-id=\"622d81d\" data-element_type=\"section\" data-settings=\"{&quot;_ha_eqh_enable&quot;:false}\">\n\t\t\t\t\t\t<div class=\"elementor-container elementor-column-gap-default\">\n\t\t\t\t\t<div class=\"elementor-column elementor-col-50 elementor-inner-column elementor-element elementor-element-025d1fb\" data-id=\"025d1fb\" data-element_type=\"column\">\n\t\t\t<div class=\"elementor-widget-wrap elementor-element-populated\">\n\t\t\t\t\t\t<div class=\"elementor-element elementor-element-e4a1330 elementor-widget elementor-widget-image\" data-id=\"e4a1330\" data-element_type=\"widget\" data-widget_type=\"image.default\">\n\t\t\t\t<div class=\"elementor-widget-container\">\n\t\t\t\t\t\t\t\t\t\t\t\t\t\t\t<img decoding=\"async\" src=\"https:\/\/discoverasprovalta-vrasna.com\/wp-content\/plugins\/elementor\/assets\/images\/placeholder.png\" title=\"\" alt=\"\" loading=\"lazy\" \/>\t\t\t\t\t\t\t\t\t\t\t\t\t\t\t<\/div>\n\t\t\t\t<\/div>\n\t\t\t\t\t<\/div>\n\t\t<\/div>\n\t\t\t\t<div class=\"elementor-column elementor-col-50 elementor-inner-column elementor-element elementor-element-96f106e\" data-id=\"96f106e\" data-element_type=\"column\">\n\t\t\t<div class=\"elementor-widget-wrap elementor-element-populated\">\n\t\t\t\t\t\t<div class=\"elementor-element elementor-element-cacd917 elementor-widget elementor-widget-heading\" data-id=\"cacd917\" data-element_type=\"widget\" data-widget_type=\"heading.default\">\n\t\t\t\t<div class=\"elementor-widget-container\">\n\t\t\t\t\t<h2 class=\"elementor-heading-title elementor-size-default\">Free Earth Festival<\/h2>\t\t\t\t<\/div>\n\t\t\t\t<\/div>\n\t\t\t\t<div class=\"elementor-element elementor-element-6b55606 elementor-widget elementor-widget-text-editor\" data-id=\"6b55606\" data-element_type=\"widget\" data-widget_type=\"text-editor.default\">\n\t\t\t\t<div class=\"elementor-widget-container\">\n\t\t\t\t\t\t\t\t\t<p>Festivalul Free Earth din Asprovalta este un festival interna\u021bional de muzic\u0103 electronic\u0103 ce reune\u0219te arti\u0219ti \u0219i fani ai psytrance-ului din \u00eentreaga lume \u00eentr-un cadru natural spectaculos, pe malul m\u0103rii. Cu seturi dinamice de DJ, spectacole audiovizuale, ateliere \u0219i activit\u0103\u021bi ecologice, festivalul promoveaz\u0103 muzica, arta \u0219i con\u0219tientizarea mediului. Evenimentul creeaz\u0103 o experien\u021b\u0103 unic\u0103 de libertate \u0219i conexiune cu natura, oferind vizitatorilor cinci zile pline de ritm, energie \u0219i un puternic sentiment de comunitate, fiind unul dintre cele mai spectaculoase evenimente de var\u0103 din Grecia.<\/p>\t\t\t\t\t\t\t\t<\/div>\n\t\t\t\t<\/div>\n\t\t\t\t\t<\/div>\n\t\t<\/div>\n\t\t\t\t\t<\/div>\n\t\t<\/section>\n\t\t\t\t<section class=\"elementor-section elementor-inner-section elementor-element elementor-element-27d7cc5 elementor-section-boxed elementor-section-height-default elementor-section-height-default\" data-id=\"27d7cc5\" data-element_type=\"section\" data-settings=\"{&quot;_ha_eqh_enable&quot;:false}\">\n\t\t\t\t\t\t<div class=\"elementor-container elementor-column-gap-default\">\n\t\t\t\t\t<div class=\"elementor-column elementor-col-50 elementor-inner-column elementor-element elementor-element-2fa2948\" data-id=\"2fa2948\" data-element_type=\"column\">\n\t\t\t<div class=\"elementor-widget-wrap elementor-element-populated\">\n\t\t\t\t\t\t<div class=\"elementor-element elementor-element-21d7365 elementor-widget elementor-widget-image\" data-id=\"21d7365\" data-element_type=\"widget\" data-widget_type=\"image.default\">\n\t\t\t\t<div class=\"elementor-widget-container\">\n\t\t\t\t\t\t\t\t\t\t\t\t\t\t\t<img decoding=\"async\" src=\"https:\/\/discoverasprovalta-vrasna.com\/wp-content\/plugins\/elementor\/assets\/images\/placeholder.png\" title=\"\" alt=\"\" loading=\"lazy\" \/>\t\t\t\t\t\t\t\t\t\t\t\t\t\t\t<\/div>\n\t\t\t\t<\/div>\n\t\t\t\t\t<\/div>\n\t\t<\/div>\n\t\t\t\t<div class=\"elementor-column elementor-col-50 elementor-inner-column elementor-element elementor-element-00d33a1\" data-id=\"00d33a1\" data-element_type=\"column\">\n\t\t\t<div class=\"elementor-widget-wrap elementor-element-populated\">\n\t\t\t\t\t\t<div class=\"elementor-element elementor-element-c621bdc elementor-widget elementor-widget-heading\" data-id=\"c621bdc\" data-element_type=\"widget\" data-widget_type=\"heading.default\">\n\t\t\t\t<div class=\"elementor-widget-container\">\n\t\t\t\t\t<h2 class=\"elementor-heading-title elementor-size-default\">S\u0103rb\u0103toarea Sfin\u021bilor Constantin \u0219i Elena <\/h2>\t\t\t\t<\/div>\n\t\t\t\t<\/div>\n\t\t\t\t<div class=\"elementor-element elementor-element-51b2cb2 elementor-widget elementor-widget-text-editor\" data-id=\"51b2cb2\" data-element_type=\"widget\" data-widget_type=\"text-editor.default\">\n\t\t\t\t<div class=\"elementor-widget-container\">\n\t\t\t\t\t\t\t\t\t<p>\u00cen Vrasna, festivalul de patru zile al Sfin\u021bilor Constantin \u0219i Elena, care are loc pe 21 mai, este unul dintre cele mai importante evenimente culturale ale regiunii. Festivalul combin\u0103 slujbele religioase cu evenimente tradi\u021bionale, atr\u0103g\u00e2nd un num\u0103r mare de vizitatori \u0219i localnici. Evenimentele includ slujbe la Biserica Sf. Constantin \u0219i Elena, dansuri tradi\u021bionale, muzic\u0103 \u0219i delicatese locale, oferind o experien\u021b\u0103 autentic\u0103 a tradi\u021biei grece\u0219ti. Ospitalitatea localnicilor \u0219i atmosfera cald\u0103 fac din acest festival o experien\u021b\u0103 de neuitat pentru to\u021bi vizitatorii.<\/p>\t\t\t\t\t\t\t\t<\/div>\n\t\t\t\t<\/div>\n\t\t\t\t\t<\/div>\n\t\t<\/div>\n\t\t\t\t\t<\/div>\n\t\t<\/section>\n\t\t\t\t<section class=\"elementor-section elementor-inner-section elementor-element elementor-element-0582fb4 elementor-section-boxed elementor-section-height-default elementor-section-height-default\" data-id=\"0582fb4\" data-element_type=\"section\" data-settings=\"{&quot;_ha_eqh_enable&quot;:false}\">\n\t\t\t\t\t\t<div class=\"elementor-container elementor-column-gap-default\">\n\t\t\t\t\t<div class=\"elementor-column elementor-col-50 elementor-inner-column elementor-element elementor-element-386322f\" data-id=\"386322f\" data-element_type=\"column\">\n\t\t\t<div class=\"elementor-widget-wrap elementor-element-populated\">\n\t\t\t\t\t\t<div class=\"elementor-element elementor-element-8c86756 elementor-widget elementor-widget-image\" data-id=\"8c86756\" data-element_type=\"widget\" data-widget_type=\"image.default\">\n\t\t\t\t<div class=\"elementor-widget-container\">\n\t\t\t\t\t\t\t\t\t\t\t\t\t\t\t<img decoding=\"async\" src=\"https:\/\/discoverasprovalta-vrasna.com\/wp-content\/plugins\/elementor\/assets\/images\/placeholder.png\" title=\"\" alt=\"\" loading=\"lazy\" \/>\t\t\t\t\t\t\t\t\t\t\t\t\t\t\t<\/div>\n\t\t\t\t<\/div>\n\t\t\t\t\t<\/div>\n\t\t<\/div>\n\t\t\t\t<div class=\"elementor-column elementor-col-50 elementor-inner-column elementor-element elementor-element-0bb0ef7\" data-id=\"0bb0ef7\" data-element_type=\"column\">\n\t\t\t<div class=\"elementor-widget-wrap elementor-element-populated\">\n\t\t\t\t\t\t<div class=\"elementor-element elementor-element-463ef58 elementor-widget elementor-widget-heading\" data-id=\"463ef58\" data-element_type=\"widget\" data-widget_type=\"heading.default\">\n\t\t\t\t<div class=\"elementor-widget-container\">\n\t\t\t\t\t<h2 class=\"elementor-heading-title elementor-size-default\">S\u0103rb\u0103toarea Adormirii Maicii Domnului<\/h2>\t\t\t\t<\/div>\n\t\t\t\t<\/div>\n\t\t\t\t<div class=\"elementor-element elementor-element-1d0166a elementor-widget elementor-widget-text-editor\" data-id=\"1d0166a\" data-element_type=\"widget\" data-widget_type=\"text-editor.default\">\n\t\t\t\t<div class=\"elementor-widget-container\">\n\t\t\t\t\t\t\t\t\t<p>\u00cen Vrasna, s\u0103rb\u0103toarea Adormirii Maicii Domnului din 15 august este un eveniment religios special. Ziua \u00eencepe cu Liturghia Divin\u0103 la Biserica Sf. Adormirea Maicii Domnului. Imediat dup\u0103 aceea, festivalul umple zona de bucurie \u0219i entuziasm. Muzica, dansurile tradi\u021bionale \u0219i delicatesele locale creeaz\u0103 o atmosfer\u0103 cald\u0103, oferind vizitatorilor o experien\u021b\u0103 autentic\u0103 a tradi\u021biei \u0219i ospitalit\u0103\u021bii grece\u0219ti.<\/p>\t\t\t\t\t\t\t\t<\/div>\n\t\t\t\t<\/div>\n\t\t\t\t\t<\/div>\n\t\t<\/div>\n\t\t\t\t\t<\/div>\n\t\t<\/section>\n\t\t\t\t<section class=\"elementor-section elementor-inner-section elementor-element elementor-element-68140ff elementor-section-boxed elementor-section-height-default elementor-section-height-default\" data-id=\"68140ff\" data-element_type=\"section\" data-settings=\"{&quot;_ha_eqh_enable&quot;:false}\">\n\t\t\t\t\t\t<div class=\"elementor-container elementor-column-gap-default\">\n\t\t\t\t\t<div class=\"elementor-column elementor-col-50 elementor-inner-column elementor-element elementor-element-c9e6dea\" data-id=\"c9e6dea\" data-element_type=\"column\">\n\t\t\t<div class=\"elementor-widget-wrap elementor-element-populated\">\n\t\t\t\t\t\t<div class=\"elementor-element elementor-element-fdb2fab elementor-widget elementor-widget-image\" data-id=\"fdb2fab\" data-element_type=\"widget\" data-widget_type=\"image.default\">\n\t\t\t\t<div class=\"elementor-widget-container\">\n\t\t\t\t\t\t\t\t\t\t\t\t\t\t\t<img decoding=\"async\" src=\"https:\/\/discoverasprovalta-vrasna.com\/wp-content\/plugins\/elementor\/assets\/images\/placeholder.png\" title=\"\" alt=\"\" loading=\"lazy\" \/>\t\t\t\t\t\t\t\t\t\t\t\t\t\t\t<\/div>\n\t\t\t\t<\/div>\n\t\t\t\t\t<\/div>\n\t\t<\/div>\n\t\t\t\t<div class=\"elementor-column elementor-col-50 elementor-inner-column elementor-element elementor-element-c181e9e\" data-id=\"c181e9e\" data-element_type=\"column\">\n\t\t\t<div class=\"elementor-widget-wrap elementor-element-populated\">\n\t\t\t\t\t\t<div class=\"elementor-element elementor-element-249bc23 elementor-widget elementor-widget-heading\" data-id=\"249bc23\" data-element_type=\"widget\" data-widget_type=\"heading.default\">\n\t\t\t\t<div class=\"elementor-widget-container\">\n\t\t\t\t\t<h2 class=\"elementor-heading-title elementor-size-default\">S\u0103rb\u0103toarea Sfintei Marina \u00een Rentina<\/h2>\t\t\t\t<\/div>\n\t\t\t\t<\/div>\n\t\t\t\t<div class=\"elementor-element elementor-element-e200ae0 elementor-widget elementor-widget-text-editor\" data-id=\"e200ae0\" data-element_type=\"widget\" data-widget_type=\"text-editor.default\">\n\t\t\t\t<div class=\"elementor-widget-container\">\n\t\t\t\t\t\t\t\t\t<p>S\u0103rb\u0103toarea Sfintei Marina \u00een Rentina, care are loc \u00een fiecare an pe 17 iulie, este unul dintre cele mai importante evenimente religioase \u0219i culturale din regiune. Biserica, construit\u0103 la mijlocul secolului al XVIII-lea, este faimoas\u0103 pentru icoana miraculoas\u0103 a Sfintei Marina, care, conform tradi\u021biei, a fost g\u0103sit\u0103 \u00eentr-un copac gol. \u00cen timpul s\u0103rb\u0103torii, credincio\u0219ii particip\u0103 la slujbele religioase, iar festivalul umple Rentina cu dansuri tradi\u021bionale, muzic\u0103 \u0219i delicatese locale. Atmosfera este plin\u0103 de via\u021b\u0103 \u0219i ospitalitate, iar tradi\u021bia continu\u0103 s\u0103 atrag\u0103 vizitatori din toate col\u021burile Greciei.<\/p>\t\t\t\t\t\t\t\t<\/div>\n\t\t\t\t<\/div>\n\t\t\t\t\t<\/div>\n\t\t<\/div>\n\t\t\t\t\t<\/div>\n\t\t<\/section>\n\t\t\t\t<section class=\"elementor-section elementor-inner-section elementor-element elementor-element-b0b3dd3 elementor-section-boxed elementor-section-height-default elementor-section-height-default\" data-id=\"b0b3dd3\" data-element_type=\"section\" data-settings=\"{&quot;_ha_eqh_enable&quot;:false}\">\n\t\t\t\t\t\t<div class=\"elementor-container elementor-column-gap-default\">\n\t\t\t\t\t<div class=\"elementor-column elementor-col-50 elementor-inner-column elementor-element elementor-element-60b617a\" data-id=\"60b617a\" data-element_type=\"column\">\n\t\t\t<div class=\"elementor-widget-wrap elementor-element-populated\">\n\t\t\t\t\t\t<div class=\"elementor-element elementor-element-782ced5 elementor-widget elementor-widget-image\" data-id=\"782ced5\" data-element_type=\"widget\" data-widget_type=\"image.default\">\n\t\t\t\t<div class=\"elementor-widget-container\">\n\t\t\t\t\t\t\t\t\t\t\t\t\t\t\t<img decoding=\"async\" src=\"https:\/\/discoverasprovalta-vrasna.com\/wp-content\/plugins\/elementor\/assets\/images\/placeholder.png\" title=\"\" alt=\"\" loading=\"lazy\" \/>\t\t\t\t\t\t\t\t\t\t\t\t\t\t\t<\/div>\n\t\t\t\t<\/div>\n\t\t\t\t\t<\/div>\n\t\t<\/div>\n\t\t\t\t<div class=\"elementor-column elementor-col-50 elementor-inner-column elementor-element elementor-element-879e0d3\" data-id=\"879e0d3\" data-element_type=\"column\">\n\t\t\t<div class=\"elementor-widget-wrap elementor-element-populated\">\n\t\t\t\t\t\t<div class=\"elementor-element elementor-element-1a220fc elementor-widget elementor-widget-heading\" data-id=\"1a220fc\" data-element_type=\"widget\" data-widget_type=\"heading.default\">\n\t\t\t\t<div class=\"elementor-widget-container\">\n\t\t\t\t\t<h2 class=\"elementor-heading-title elementor-size-default\">Tsigarida Festival<\/h2>\t\t\t\t<\/div>\n\t\t\t\t<\/div>\n\t\t\t\t<div class=\"elementor-element elementor-element-2053ed7 elementor-widget elementor-widget-text-editor\" data-id=\"2053ed7\" data-element_type=\"widget\" data-widget_type=\"text-editor.default\">\n\t\t\t\t<div class=\"elementor-widget-container\">\n\t\t\t\t\t\t\t\t\t<p class=\"translation-block\">Festivalul Pielii de Porc Pr\u0103jite (tsigarida \u00een greac\u0103) din Vrasna este un eveniment tradi\u021bional anual, care are loc \u00een fiecare lun\u0103 ianuarie, \u00een pia\u021ba \u201eChorostasi\u201d din Ano Vrasna. Localnicii \u0219i vizitatorii se bucur\u0103 de tsigarida \u2013 un fel de m\u00e2ncare delicios, preparat din carne de porc g\u0103tit\u0103 \u00een mari cazane, pe foc deschis. Organizat de Asocia\u021bia Cultural\u0103 Vrasna, cu sprijinul Municipiului Volvi, evenimentul include muzic\u0103 live, dansuri \u0219i spectacole tradi\u021bionale. Ofer\u0103 o oportunitate unic\u0103 de a experimenta bogatul patrimoniu cultural al regiunii \u0219i ospitalitatea cald\u0103 a localnicilor.<\/p>\t\t\t\t\t\t\t\t<\/div>\n\t\t\t\t<\/div>\n\t\t\t\t\t<\/div>\n\t\t<\/div>\n\t\t\t\t\t<\/div>\n\t\t<\/section>\n\t\t\t\t\t<\/div>\n\t\t<\/div>\n\t\t\t\t\t<\/div>\n\t\t<\/section>\n\t\t<div class=\"elementor-element elementor-element-61b6bae e-flex e-con-boxed e-con e-parent\" data-id=\"61b6bae\" data-element_type=\"container\" data-settings=\"{&quot;background_background&quot;:&quot;classic&quot;,&quot;_ha_eqh_enable&quot;:false}\">\n\t\t\t\t\t<div class=\"e-con-inner\">\n\t\t\t\t<div class=\"elementor-element elementor-element-0fa72e4 elementor-widget elementor-widget-image\" data-id=\"0fa72e4\" data-element_type=\"widget\" data-widget_type=\"image.default\">\n\t\t\t\t<div class=\"elementor-widget-container\">\n\t\t\t\t\t\t\t\t\t\t\t\t\t\t\t\t<a href=\"\/ro\/advertising-registration\/\" target=\"_blank\">\n\t\t\t\t\t\t\t<img decoding=\"async\" width=\"219\" height=\"35\" src=\"https:\/\/discoverasprovalta-vrasna.com\/wp-content\/uploads\/2024\/10\/AdIcon-ENG.png\" class=\"attachment-full size-full wp-image-5751\" alt=\"\" srcset=\"https:\/\/discoverasprovalta-vrasna.com\/wp-content\/uploads\/2024\/10\/AdIcon-ENG.png 219w, https:\/\/discoverasprovalta-vrasna.com\/wp-content\/uploads\/2024\/10\/AdIcon-ENG-18x3.png 18w\" sizes=\"(max-width: 219px) 100vw, 219px\" \/>\t\t\t\t\t\t\t\t<\/a>\n\t\t\t\t\t\t\t\t\t\t\t\t\t\t\t<\/div>\n\t\t\t\t<\/div>\n\t\t\t\t\t<\/div>\n\t\t\t\t<\/div>\n\t\t\t\t<\/div>","protected":false},"excerpt":{"rendered":"<p>Festivals &#8211; Events \u201cDiscover Asprovalta \u2013 Vrasna, the jewel of Strymonikos\u201d Feast of Saint John Klidonas In Vrasna, the Feast of Saint John Klidonas is a traditional event full of vitality and enthusiasm, revived every year. Locals and visitors gather around bonfires, jumping over them three times to ensure luck and prosperity. These bonfires, known&#8230;<\/p>","protected":false},"author":1,"featured_media":0,"parent":0,"menu_order":0,"comment_status":"closed","ping_status":"closed","template":"elementor_header_footer","meta":{"_monsterinsights_skip_tracking":false,"_monsterinsights_sitenote_active":false,"_monsterinsights_sitenote_note":"","_monsterinsights_sitenote_category":0,"_kad_post_transparent":"","_kad_post_title":"hide","_kad_post_layout":"fullwidth","_kad_post_sidebar_id":"","_kad_post_content_style":"unboxed","_kad_post_vertical_padding":"hide","_kad_post_feature":"hide","_kad_post_feature_position":"","_kad_post_header":false,"_kad_post_footer":false,"footnotes":""},"class_list":["post-2434","page","type-page","status-publish","hentry"],"aioseo_notices":[],"_links":{"self":[{"href":"https:\/\/discoverasprovalta-vrasna.com\/ro\/wp-json\/wp\/v2\/pages\/2434","targetHints":{"allow":["GET"]}}],"collection":[{"href":"https:\/\/discoverasprovalta-vrasna.com\/ro\/wp-json\/wp\/v2\/pages"}],"about":[{"href":"https:\/\/discoverasprovalta-vrasna.com\/ro\/wp-json\/wp\/v2\/types\/page"}],"author":[{"embeddable":true,"href":"https:\/\/discoverasprovalta-vrasna.com\/ro\/wp-json\/wp\/v2\/users\/1"}],"replies":[{"embeddable":true,"href":"https:\/\/discoverasprovalta-vrasna.com\/ro\/wp-json\/wp\/v2\/comments?post=2434"}],"version-history":[{"count":61,"href":"https:\/\/discoverasprovalta-vrasna.com\/ro\/wp-json\/wp\/v2\/pages\/2434\/revisions"}],"predecessor-version":[{"id":10918,"href":"https:\/\/discoverasprovalta-vrasna.com\/ro\/wp-json\/wp\/v2\/pages\/2434\/revisions\/10918"}],"wp:attachment":[{"href":"https:\/\/discoverasprovalta-vrasna.com\/ro\/wp-json\/wp\/v2\/media?parent=2434"}],"curies":[{"name":"wp","href":"https:\/\/api.w.org\/{rel}","templated":true}]}}