{"id":47,"date":"2024-07-31T10:26:04","date_gmt":"2024-07-31T07:26:04","guid":{"rendered":"https:\/\/discoverkavala.com\/?page_id=47"},"modified":"2025-02-03T12:02:48","modified_gmt":"2025-02-03T10:02:48","slug":"history","status":"publish","type":"page","link":"https:\/\/discoverasprovalta-vrasna.com\/ro\/history","title":{"rendered":"Istorie"},"content":{"rendered":"<div data-elementor-type=\"wp-page\" data-elementor-id=\"47\" class=\"elementor elementor-47\" data-elementor-settings=\"{&quot;ha_cmc_init_switcher&quot;:&quot;no&quot;}\" data-elementor-post-type=\"page\">\n\t\t\t\t<div class=\"elementor-element elementor-element-b99172a e-flex e-con-boxed e-con e-parent\" data-id=\"b99172a\" data-element_type=\"container\" data-settings=\"{&quot;_ha_eqh_enable&quot;:false}\">\n\t\t\t\t\t<div class=\"e-con-inner\">\n\t\t\t\t<div class=\"elementor-element elementor-element-396f952 elementor-widget elementor-widget-image\" data-id=\"396f952\" data-element_type=\"widget\" data-widget_type=\"image.default\">\n\t\t\t\t<div class=\"elementor-widget-container\">\n\t\t\t\t\t\t\t\t\t\t\t\t\t\t\t<img decoding=\"async\" src=\"https:\/\/discoverasprovalta-vrasna.com\/wp-content\/uploads\/elementor\/thumbs\/history-icon-qtc8foryptytunc93rin3ppidemyl2hv8icnwdqpfg.png\" title=\"history-icon\" alt=\"history-icon\" loading=\"lazy\" \/>\t\t\t\t\t\t\t\t\t\t\t\t\t\t\t<\/div>\n\t\t\t\t<\/div>\n\t\t\t\t<div class=\"elementor-element elementor-element-c16ea68 elementor-widget elementor-widget-heading\" data-id=\"c16ea68\" data-element_type=\"widget\" data-widget_type=\"heading.default\">\n\t\t\t\t<div class=\"elementor-widget-container\">\n\t\t\t\t\t<h2 class=\"elementor-heading-title elementor-size-default\">Scurt\u0103 istorie a Asprovalta \u0219i Vrasna<\/h2>\t\t\t\t<\/div>\n\t\t\t\t<\/div>\n\t\t\t\t\t<\/div>\n\t\t\t\t<\/div>\n\t\t<div class=\"elementor-element elementor-element-d57653c e-flex e-con-boxed e-con e-parent\" data-id=\"d57653c\" data-element_type=\"container\" data-settings=\"{&quot;_ha_eqh_enable&quot;:false}\">\n\t\t\t\t\t<div class=\"e-con-inner\">\n\t\t\t\t<div class=\"elementor-element elementor-element-2e0b645 elementor-widget elementor-widget-text-editor\" data-id=\"2e0b645\" data-element_type=\"widget\" data-widget_type=\"text-editor.default\">\n\t\t\t\t<div class=\"elementor-widget-container\">\n\t\t\t\t\t\t\t\t\t<p>Asprovalta \u0219i Vrasna, cu frumuse\u021bea lor natural\u0103 de neegalat \u0219i loca\u021bia strategic\u0103 \u00een Golful Strymonikos, au fost un punct de \u00eent\u00e2lnire al civiliza\u021biilor \u0219i comer\u021bului din cele mai vechi timpuri p\u00e2n\u0103 \u00een prezent. Ele au fost conectate la Drumul Egnatia \u0219i au g\u0103zduit influen\u021be bizantine \u0219i otomane.<\/p>\n<p>Ast\u0103zi, ca destina\u021bii turistice populare, ele men\u021bin vie leg\u0103tura dintre trecut \u0219i prezent, oferind plaje, descoperiri istorice \u0219i tradi\u021bii locale unice. Dezvoltarea turismului de coast\u0103 \u00een secolele XX \u0219i XXI a dus la extinderea a\u0219ez\u0103rilor, numeroase case de vacan\u021b\u0103 eviden\u021biind atractivitatea modern\u0103 a zonei.&nbsp;<\/p>\t\t\t\t\t\t\t\t<\/div>\n\t\t\t\t<\/div>\n\t\t\t\t\t<\/div>\n\t\t\t\t<\/div>\n\t\t<div class=\"elementor-element elementor-element-0b62797 e-flex e-con-boxed e-con e-parent\" data-id=\"0b62797\" data-element_type=\"container\" data-settings=\"{&quot;_ha_eqh_enable&quot;:false}\">\n\t\t\t\t\t<div class=\"e-con-inner\">\n\t\t\t\t<div class=\"elementor-element elementor-element-8677ce1 elementor-widget elementor-widget-timeline-widget-addon\" data-id=\"8677ce1\" data-element_type=\"widget\" data-widget_type=\"timeline-widget-addon.default\">\n\t\t\t\t<div class=\"elementor-widget-container\">\n\t\t\t\t\t<!-- ========= Timeline Widget Addon For Elementor 1.6.18 ========= -->\n<div id=\"twae-wrapper-8677ce1\" class=\"twae-vertical twae-wrapper  twae-both-sided\">   \n    <div class=\"twae-start\"><\/div>    \n    <div id=\"twea-timeline-8677ce1\" class=\"twae-timeline\" ><!-- Start of Story Repeater Content --><div id=\"story-75419bf\" class=\"twae-story twae-repeater-item twae-story-right twae-story-no-icon\"><!-- Story Icon --><div class=\"twae-icon\"><i aria-hidden=\"true\" class=\"far fa-clock\"><\/i><\/div><!-- Story Arrow --><div class=\"twae-arrow\"><\/div><!-- Start of Story Content --><div class=\"twae-content\"><!-- Story Title --><div class=\"twae-title\">Epoca preistoric\u0103<\/div><!-- Story Description --><div class=\"twae-description\"><p>Zona a func\u021bionat ca un centru comercial, cu descoperiri care leag\u0103 Thassos \u0219i Samothrace.\u00a0<\/p><\/div><\/div><\/div><!-- Start of Story Repeater Content --><div id=\"story-ef18eaf\" class=\"twae-story twae-repeater-item twae-story-left twae-story-no-icon\"><!-- Story Icon --><div class=\"twae-icon\"><i aria-hidden=\"true\" class=\"far fa-clock\"><\/i><\/div><!-- Story Arrow --><div class=\"twae-arrow\"><\/div><!-- Start of Story Content --><div class=\"twae-content\"><!-- Story Title --><div class=\"twae-title\">Secolul IV-III \u00ee.Hr.<\/div><!-- Story Description --><div class=\"twae-description\"><p>A\u0219ez\u0103ri \u00een Asprovalta \u0219i dezvoltarea Vrasnei antice.<\/p><\/div><\/div><\/div><!-- Start of Story Repeater Content --><div id=\"story-f64fd07\" class=\"twae-story twae-repeater-item twae-story-right twae-story-no-icon\"><!-- Story Icon --><div class=\"twae-icon\"><i aria-hidden=\"true\" class=\"far fa-clock\"><\/i><\/div><!-- Story Arrow --><div class=\"twae-arrow\"><\/div><!-- Start of Story Content --><div class=\"twae-content\"><!-- Story Title --><div class=\"twae-title\">Secolul II \u00ee.Hr.<\/div><!-- Story Description --><div class=\"twae-description\"><p>Tranzitul pe Via Egnatia cu sta\u021bii romane (ex. Pennana).<\/p><\/div><\/div><\/div><!-- Start of Story Repeater Content --><div id=\"story-5077b68\" class=\"twae-story twae-repeater-item twae-story-left twae-story-no-icon\"><!-- Story Icon --><div class=\"twae-icon\"><i aria-hidden=\"true\" class=\"far fa-clock\"><\/i><\/div><!-- Story Arrow --><div class=\"twae-arrow\"><\/div><!-- Start of Story Content --><div class=\"twae-content\"><!-- Story Title --><div class=\"twae-title\">Perioada bizantin\u0103<\/div><!-- Story Description --><div class=\"twae-description\"><p>Importan\u021b\u0103 strategic\u0103 sporit\u0103 datorit\u0103 apropierii de Salonic.<\/p><\/div><\/div><\/div><!-- Start of Story Repeater Content --><div id=\"story-41903ce\" class=\"twae-story twae-repeater-item twae-story-right twae-story-no-icon\"><!-- Story Icon --><div class=\"twae-icon\"><i aria-hidden=\"true\" class=\"far fa-clock\"><\/i><\/div><!-- Story Arrow --><div class=\"twae-arrow\"><\/div><!-- Start of Story Content --><div class=\"twae-content\"><!-- Story Title --><div class=\"twae-title\">1430<\/div><!-- Story Description --><div class=\"twae-description\"><p>Cucerirea otoman\u0103 dup\u0103 c\u0103derea Salonicului.\u00a0<\/p><\/div><\/div><\/div><!-- Start of Story Repeater Content --><div id=\"story-7371f35\" class=\"twae-story twae-repeater-item twae-story-left twae-story-no-icon\"><!-- Story Icon --><div class=\"twae-icon\"><i aria-hidden=\"true\" class=\"far fa-clock\"><\/i><\/div><!-- Story Arrow --><div class=\"twae-arrow\"><\/div><!-- Start of Story Content --><div class=\"twae-content\"><!-- Story Title --><div class=\"twae-title\">1912-1922<\/div><!-- Story Description --><div class=\"twae-description\"><p>A\u0219ezarea refugia\u021bilor.<\/p><\/div><\/div><\/div><!-- Start of Story Repeater Content --><div id=\"story-bc43d54\" class=\"twae-story twae-repeater-item twae-story-right twae-story-no-icon\"><!-- Story Icon --><div class=\"twae-icon\"><i aria-hidden=\"true\" class=\"far fa-clock\"><\/i><\/div><!-- Story Arrow --><div class=\"twae-arrow\"><\/div><!-- Start of Story Content --><div class=\"twae-content\"><!-- Story Title --><div class=\"twae-title\">1960-1970<\/div><!-- Story Description --><div class=\"twae-description\"><p>Boom turistic.\u00a0<\/p><\/div><\/div><\/div><!-- Start of Story Repeater Content --><div id=\"story-7dd368e\" class=\"twae-story twae-repeater-item twae-story-left twae-story-no-icon\"><!-- Story Icon --><div class=\"twae-icon\"><i aria-hidden=\"true\" class=\"far fa-clock\"><\/i><\/div><!-- Story Arrow --><div class=\"twae-arrow\"><\/div><!-- Start of Story Content --><div class=\"twae-content\"><!-- Story Title --><div class=\"twae-title\">20th-21st century<\/div><!-- Story Description --><div class=\"twae-description\"><p>Dezvoltarea turismului litoral odat\u0103 cu extinderea a\u0219ez\u0103rilor \u0219i a caselor de vacan\u021b\u0103.<\/p><\/div><\/div><\/div><\/div>\n    <div class=\"twae-end\"><\/div>\n    <\/div><style type=\"text\/css\">@media (max-width: 1024px){ .twae-wrapper{--tw-ybx-size: 80px !important;}}@media (max-width: 767px){ .twae-wrapper{--tw-ybx-size: 80px !important}}<\/style>\t\t\t\t<\/div>\n\t\t\t\t<\/div>\n\t\t\t\t\t<\/div>\n\t\t\t\t<\/div>\n\t\t<div class=\"elementor-element elementor-element-64b7c64 e-flex e-con-boxed e-con e-parent\" data-id=\"64b7c64\" data-element_type=\"container\" data-settings=\"{&quot;background_background&quot;:&quot;classic&quot;,&quot;_ha_eqh_enable&quot;:false}\">\n\t\t\t\t\t<div class=\"e-con-inner\">\n\t\t\t\t<div class=\"elementor-element elementor-element-52696fd elementor-widget elementor-widget-image\" data-id=\"52696fd\" data-element_type=\"widget\" data-widget_type=\"image.default\">\n\t\t\t\t<div class=\"elementor-widget-container\">\n\t\t\t\t\t\t\t\t\t\t\t\t\t\t\t\t<a href=\"\/ro\/advertising-registration\/\" target=\"_blank\">\n\t\t\t\t\t\t\t<img decoding=\"async\" width=\"219\" height=\"35\" src=\"https:\/\/discoverasprovalta-vrasna.com\/wp-content\/uploads\/2025\/01\/AdIcon-ENG.png\" class=\"attachment-full size-full wp-image-8936\" alt=\"\" srcset=\"https:\/\/discoverasprovalta-vrasna.com\/wp-content\/uploads\/2025\/01\/AdIcon-ENG.png 219w, https:\/\/discoverasprovalta-vrasna.com\/wp-content\/uploads\/2025\/01\/AdIcon-ENG-18x3.png 18w\" sizes=\"(max-width: 219px) 100vw, 219px\" \/>\t\t\t\t\t\t\t\t<\/a>\n\t\t\t\t\t\t\t\t\t\t\t\t\t\t\t<\/div>\n\t\t\t\t<\/div>\n\t\t\t\t\t<\/div>\n\t\t\t\t<\/div>\n\t\t\t\t<\/div>","protected":false},"excerpt":{"rendered":"<p>Short History of Asprovalta and Vrasna Asprovalta and Vrasna, with their unparalleled natural beauty and strategic location in the Strymonikos Gulf, have been crossroads of civilizations and trade since ancient times until today. They were connected to the Egnatia Road, and hosted Byzantine and Ottoman influences. Today, as popular tourist destinations, they keep alive the&#8230;<\/p>","protected":false},"author":1,"featured_media":0,"parent":0,"menu_order":0,"comment_status":"closed","ping_status":"closed","template":"","meta":{"_monsterinsights_skip_tracking":false,"_monsterinsights_sitenote_active":false,"_monsterinsights_sitenote_note":"","_monsterinsights_sitenote_category":0,"_kad_post_transparent":"","_kad_post_title":"hide","_kad_post_layout":"fullwidth","_kad_post_sidebar_id":"","_kad_post_content_style":"unboxed","_kad_post_vertical_padding":"hide","_kad_post_feature":"hide","_kad_post_feature_position":"","_kad_post_header":false,"_kad_post_footer":false,"footnotes":""},"class_list":["post-47","page","type-page","status-publish","hentry"],"aioseo_notices":[],"_links":{"self":[{"href":"https:\/\/discoverasprovalta-vrasna.com\/ro\/wp-json\/wp\/v2\/pages\/47","targetHints":{"allow":["GET"]}}],"collection":[{"href":"https:\/\/discoverasprovalta-vrasna.com\/ro\/wp-json\/wp\/v2\/pages"}],"about":[{"href":"https:\/\/discoverasprovalta-vrasna.com\/ro\/wp-json\/wp\/v2\/types\/page"}],"author":[{"embeddable":true,"href":"https:\/\/discoverasprovalta-vrasna.com\/ro\/wp-json\/wp\/v2\/users\/1"}],"replies":[{"embeddable":true,"href":"https:\/\/discoverasprovalta-vrasna.com\/ro\/wp-json\/wp\/v2\/comments?post=47"}],"version-history":[{"count":57,"href":"https:\/\/discoverasprovalta-vrasna.com\/ro\/wp-json\/wp\/v2\/pages\/47\/revisions"}],"predecessor-version":[{"id":10589,"href":"https:\/\/discoverasprovalta-vrasna.com\/ro\/wp-json\/wp\/v2\/pages\/47\/revisions\/10589"}],"wp:attachment":[{"href":"https:\/\/discoverasprovalta-vrasna.com\/ro\/wp-json\/wp\/v2\/media?parent=47"}],"curies":[{"name":"wp","href":"https:\/\/api.w.org\/{rel}","templated":true}]}}