{"id":47,"date":"2024-07-31T10:26:04","date_gmt":"2024-07-31T07:26:04","guid":{"rendered":"https:\/\/discoverkavala.com\/?page_id=47"},"modified":"2025-02-03T12:02:48","modified_gmt":"2025-02-03T10:02:48","slug":"history","status":"publish","type":"page","link":"https:\/\/discoverasprovalta-vrasna.com\/tr\/history","title":{"rendered":"Tarih"},"content":{"rendered":"<div data-elementor-type=\"wp-page\" data-elementor-id=\"47\" class=\"elementor elementor-47\" data-elementor-settings=\"{&quot;ha_cmc_init_switcher&quot;:&quot;no&quot;}\" data-elementor-post-type=\"page\">\n\t\t\t\t<div class=\"elementor-element elementor-element-b99172a e-flex e-con-boxed e-con e-parent\" data-id=\"b99172a\" data-element_type=\"container\" data-settings=\"{&quot;_ha_eqh_enable&quot;:false}\">\n\t\t\t\t\t<div class=\"e-con-inner\">\n\t\t\t\t<div class=\"elementor-element elementor-element-396f952 elementor-widget elementor-widget-image\" data-id=\"396f952\" data-element_type=\"widget\" data-widget_type=\"image.default\">\n\t\t\t\t<div class=\"elementor-widget-container\">\n\t\t\t\t\t\t\t\t\t\t\t\t\t\t\t<img decoding=\"async\" src=\"https:\/\/discoverasprovalta-vrasna.com\/wp-content\/uploads\/elementor\/thumbs\/history-icon-qtc8foryptytunc93rin3ppidemyl2hv8icnwdqpfg.png\" title=\"history-icon\" alt=\"history-icon\" loading=\"lazy\" \/>\t\t\t\t\t\t\t\t\t\t\t\t\t\t\t<\/div>\n\t\t\t\t<\/div>\n\t\t\t\t<div class=\"elementor-element elementor-element-c16ea68 elementor-widget elementor-widget-heading\" data-id=\"c16ea68\" data-element_type=\"widget\" data-widget_type=\"heading.default\">\n\t\t\t\t<div class=\"elementor-widget-container\">\n\t\t\t\t\t<h2 class=\"elementor-heading-title elementor-size-default\">Asprovalta ve Vrasna\u2019n\u0131n K\u0131sa Tarihi<\/h2>\t\t\t\t<\/div>\n\t\t\t\t<\/div>\n\t\t\t\t\t<\/div>\n\t\t\t\t<\/div>\n\t\t<div class=\"elementor-element elementor-element-d57653c e-flex e-con-boxed e-con e-parent\" data-id=\"d57653c\" data-element_type=\"container\" data-settings=\"{&quot;_ha_eqh_enable&quot;:false}\">\n\t\t\t\t\t<div class=\"e-con-inner\">\n\t\t\t\t<div class=\"elementor-element elementor-element-2e0b645 elementor-widget elementor-widget-text-editor\" data-id=\"2e0b645\" data-element_type=\"widget\" data-widget_type=\"text-editor.default\">\n\t\t\t\t<div class=\"elementor-widget-container\">\n\t\t\t\t\t\t\t\t\t<p>Asprovalta ve Vrasna, e\u015fsiz do\u011fal g\u00fczellikleri ve Strimonikos K\u00f6rfezi\u2019ndeki stratejik konumlar\u0131yla, antik \u00e7a\u011flardan g\u00fcn\u00fcm\u00fcze kadar medeniyetlerin ve ticaretin kesi\u015fim noktas\u0131 olmu\u015ftur. Egnatia Yolu'na ba\u011fl\u0131 olup Bizans ve Osmanl\u0131 etkilerine ev sahipli\u011fi yapm\u0131\u015ft\u0131r.<\/p>\n<p>Bug\u00fcn, pop\u00fcler turistik destinasyonlar olarak, ge\u00e7mi\u015f ile g\u00fcn\u00fcm\u00fcz aras\u0131ndaki ba\u011f\u0131 canl\u0131 tutarak plajlar, tarihi buluntular ve benzersiz yerel gelenekler sunmaktad\u0131rlar. 20. ve 21. y\u00fczy\u0131llarda k\u0131y\u0131 turizminin geli\u015fmesiyle birlikte yerle\u015fimler geni\u015flemi\u015f, bir\u00e7ok yazl\u0131k ev b\u00f6lgenin modern cazibesini vurgulam\u0131\u015ft\u0131r.&nbsp;<\/p>\t\t\t\t\t\t\t\t<\/div>\n\t\t\t\t<\/div>\n\t\t\t\t\t<\/div>\n\t\t\t\t<\/div>\n\t\t<div class=\"elementor-element elementor-element-0b62797 e-flex e-con-boxed e-con e-parent\" data-id=\"0b62797\" data-element_type=\"container\" data-settings=\"{&quot;_ha_eqh_enable&quot;:false}\">\n\t\t\t\t\t<div class=\"e-con-inner\">\n\t\t\t\t<div class=\"elementor-element elementor-element-8677ce1 elementor-widget elementor-widget-timeline-widget-addon\" data-id=\"8677ce1\" data-element_type=\"widget\" data-widget_type=\"timeline-widget-addon.default\">\n\t\t\t\t<div class=\"elementor-widget-container\">\n\t\t\t\t\t<!-- ========= Timeline Widget Addon For Elementor 1.6.18 ========= -->\n<div id=\"twae-wrapper-8677ce1\" class=\"twae-vertical twae-wrapper  twae-both-sided\">   \n    <div class=\"twae-start\"><\/div>    \n    <div id=\"twea-timeline-8677ce1\" class=\"twae-timeline\" ><!-- Start of Story Repeater Content --><div id=\"story-75419bf\" class=\"twae-story twae-repeater-item twae-story-right twae-story-no-icon\"><!-- Story Icon --><div class=\"twae-icon\"><i aria-hidden=\"true\" class=\"far fa-clock\"><\/i><\/div><!-- Story Arrow --><div class=\"twae-arrow\"><\/div><!-- Start of Story Content --><div class=\"twae-content\"><!-- Story Title --><div class=\"twae-title\">Tarih\u00f6ncesi D\u00f6nem<\/div><!-- Story Description --><div class=\"twae-description\"><p>B\u00f6lge, Thassos ve Samothraki ile ba\u011flant\u0131l\u0131 buluntularla bir ticaret merkezi olarak i\u015flev g\u00f6rm\u00fc\u015ft\u00fcr.\u00a0<\/p><\/div><\/div><\/div><!-- Start of Story Repeater Content --><div id=\"story-ef18eaf\" class=\"twae-story twae-repeater-item twae-story-left twae-story-no-icon\"><!-- Story Icon --><div class=\"twae-icon\"><i aria-hidden=\"true\" class=\"far fa-clock\"><\/i><\/div><!-- Story Arrow --><div class=\"twae-arrow\"><\/div><!-- Start of Story Content --><div class=\"twae-content\"><!-- Story Title --><div class=\"twae-title\">M.\u00d6. 4.-3. y\u00fczy\u0131l<\/div><!-- Story Description --><div class=\"twae-description\"><p>Asprovalta\u2019da yerle\u015fimler ve antik Vrasna\u2019n\u0131n geli\u015fimi.<\/p><\/div><\/div><\/div><!-- Start of Story Repeater Content --><div id=\"story-f64fd07\" class=\"twae-story twae-repeater-item twae-story-right twae-story-no-icon\"><!-- Story Icon --><div class=\"twae-icon\"><i aria-hidden=\"true\" class=\"far fa-clock\"><\/i><\/div><!-- Story Arrow --><div class=\"twae-arrow\"><\/div><!-- Start of Story Content --><div class=\"twae-content\"><!-- Story Title --><div class=\"twae-title\">M.\u00d6. 2. y\u00fczy\u0131l<\/div><!-- Story Description --><div class=\"twae-description\"><p>Via Egnatia\u2019n\u0131n ge\u00e7i\u015fi ve Roma istasyonlar\u0131 (\u00f6r. Pennana).<\/p><\/div><\/div><\/div><!-- Start of Story Repeater Content --><div id=\"story-5077b68\" class=\"twae-story twae-repeater-item twae-story-left twae-story-no-icon\"><!-- Story Icon --><div class=\"twae-icon\"><i aria-hidden=\"true\" class=\"far fa-clock\"><\/i><\/div><!-- Story Arrow --><div class=\"twae-arrow\"><\/div><!-- Start of Story Content --><div class=\"twae-content\"><!-- Story Title --><div class=\"twae-title\">Bizans d\u00f6nemi<\/div><!-- Story Description --><div class=\"twae-description\"><p>Selanik\u2019e yak\u0131nl\u0131\u011f\u0131 nedeniyle artan stratejik \u00f6nem.<\/p><\/div><\/div><\/div><!-- Start of Story Repeater Content --><div id=\"story-41903ce\" class=\"twae-story twae-repeater-item twae-story-right twae-story-no-icon\"><!-- Story Icon --><div class=\"twae-icon\"><i aria-hidden=\"true\" class=\"far fa-clock\"><\/i><\/div><!-- Story Arrow --><div class=\"twae-arrow\"><\/div><!-- Start of Story Content --><div class=\"twae-content\"><!-- Story Title --><div class=\"twae-title\">1430<\/div><!-- Story Description --><div class=\"twae-description\"><p>Selanik\u2019in d\u00fc\u015f\u00fc\u015f\u00fcnden sonra Osmanl\u0131 fethi.\u00a0<\/p><\/div><\/div><\/div><!-- Start of Story Repeater Content --><div id=\"story-7371f35\" class=\"twae-story twae-repeater-item twae-story-left twae-story-no-icon\"><!-- Story Icon --><div class=\"twae-icon\"><i aria-hidden=\"true\" class=\"far fa-clock\"><\/i><\/div><!-- Story Arrow --><div class=\"twae-arrow\"><\/div><!-- Start of Story Content --><div class=\"twae-content\"><!-- Story Title --><div class=\"twae-title\">1912-1922<\/div><!-- Story Description --><div class=\"twae-description\"><p>M\u00fcltecilerin yerle\u015fimi.<\/p><\/div><\/div><\/div><!-- Start of Story Repeater Content --><div id=\"story-bc43d54\" class=\"twae-story twae-repeater-item twae-story-right twae-story-no-icon\"><!-- Story Icon --><div class=\"twae-icon\"><i aria-hidden=\"true\" class=\"far fa-clock\"><\/i><\/div><!-- Story Arrow --><div class=\"twae-arrow\"><\/div><!-- Start of Story Content --><div class=\"twae-content\"><!-- Story Title --><div class=\"twae-title\">1960-1970<\/div><!-- Story Description --><div class=\"twae-description\"><p>Turizm patlamas\u0131.\u00a0<\/p><\/div><\/div><\/div><!-- Start of Story Repeater Content --><div id=\"story-7dd368e\" class=\"twae-story twae-repeater-item twae-story-left twae-story-no-icon\"><!-- Story Icon --><div class=\"twae-icon\"><i aria-hidden=\"true\" class=\"far fa-clock\"><\/i><\/div><!-- Story Arrow --><div class=\"twae-arrow\"><\/div><!-- Start of Story Content --><div class=\"twae-content\"><!-- Story Title --><div class=\"twae-title\">20th-21st century<\/div><!-- Story Description --><div class=\"twae-description\"><p>Yerle\u015fimlerin ve yazl\u0131k evlerin yay\u0131lmas\u0131yla k\u0131y\u0131 turizminin geli\u015fimi.<\/p><\/div><\/div><\/div><\/div>\n    <div class=\"twae-end\"><\/div>\n    <\/div><style type=\"text\/css\">@media (max-width: 1024px){ .twae-wrapper{--tw-ybx-size: 80px !important;}}@media (max-width: 767px){ .twae-wrapper{--tw-ybx-size: 80px !important}}<\/style>\t\t\t\t<\/div>\n\t\t\t\t<\/div>\n\t\t\t\t\t<\/div>\n\t\t\t\t<\/div>\n\t\t<div class=\"elementor-element elementor-element-64b7c64 e-flex e-con-boxed e-con e-parent\" data-id=\"64b7c64\" data-element_type=\"container\" data-settings=\"{&quot;background_background&quot;:&quot;classic&quot;,&quot;_ha_eqh_enable&quot;:false}\">\n\t\t\t\t\t<div class=\"e-con-inner\">\n\t\t\t\t<div class=\"elementor-element elementor-element-52696fd elementor-widget elementor-widget-image\" data-id=\"52696fd\" data-element_type=\"widget\" data-widget_type=\"image.default\">\n\t\t\t\t<div class=\"elementor-widget-container\">\n\t\t\t\t\t\t\t\t\t\t\t\t\t\t\t\t<a href=\"\/tr\/advertising-registration\/\" target=\"_blank\">\n\t\t\t\t\t\t\t<img decoding=\"async\" width=\"219\" height=\"35\" src=\"https:\/\/discoverasprovalta-vrasna.com\/wp-content\/uploads\/2025\/01\/AdIcon-ENG.png\" class=\"attachment-full size-full wp-image-8936\" alt=\"\" srcset=\"https:\/\/discoverasprovalta-vrasna.com\/wp-content\/uploads\/2025\/01\/AdIcon-ENG.png 219w, https:\/\/discoverasprovalta-vrasna.com\/wp-content\/uploads\/2025\/01\/AdIcon-ENG-18x3.png 18w\" sizes=\"(max-width: 219px) 100vw, 219px\" \/>\t\t\t\t\t\t\t\t<\/a>\n\t\t\t\t\t\t\t\t\t\t\t\t\t\t\t<\/div>\n\t\t\t\t<\/div>\n\t\t\t\t\t<\/div>\n\t\t\t\t<\/div>\n\t\t\t\t<\/div>","protected":false},"excerpt":{"rendered":"<p>Short History of Asprovalta and Vrasna Asprovalta and Vrasna, with their unparalleled natural beauty and strategic location in the Strymonikos Gulf, have been crossroads of civilizations and trade since ancient times until today. They were connected to the Egnatia Road, and hosted Byzantine and Ottoman influences. Today, as popular tourist destinations, they keep alive the&#8230;<\/p>","protected":false},"author":1,"featured_media":0,"parent":0,"menu_order":0,"comment_status":"closed","ping_status":"closed","template":"","meta":{"_monsterinsights_skip_tracking":false,"_monsterinsights_sitenote_active":false,"_monsterinsights_sitenote_note":"","_monsterinsights_sitenote_category":0,"_kad_post_transparent":"","_kad_post_title":"hide","_kad_post_layout":"fullwidth","_kad_post_sidebar_id":"","_kad_post_content_style":"unboxed","_kad_post_vertical_padding":"hide","_kad_post_feature":"hide","_kad_post_feature_position":"","_kad_post_header":false,"_kad_post_footer":false,"footnotes":""},"class_list":["post-47","page","type-page","status-publish","hentry"],"aioseo_notices":[],"_links":{"self":[{"href":"https:\/\/discoverasprovalta-vrasna.com\/tr\/wp-json\/wp\/v2\/pages\/47","targetHints":{"allow":["GET"]}}],"collection":[{"href":"https:\/\/discoverasprovalta-vrasna.com\/tr\/wp-json\/wp\/v2\/pages"}],"about":[{"href":"https:\/\/discoverasprovalta-vrasna.com\/tr\/wp-json\/wp\/v2\/types\/page"}],"author":[{"embeddable":true,"href":"https:\/\/discoverasprovalta-vrasna.com\/tr\/wp-json\/wp\/v2\/users\/1"}],"replies":[{"embeddable":true,"href":"https:\/\/discoverasprovalta-vrasna.com\/tr\/wp-json\/wp\/v2\/comments?post=47"}],"version-history":[{"count":57,"href":"https:\/\/discoverasprovalta-vrasna.com\/tr\/wp-json\/wp\/v2\/pages\/47\/revisions"}],"predecessor-version":[{"id":10589,"href":"https:\/\/discoverasprovalta-vrasna.com\/tr\/wp-json\/wp\/v2\/pages\/47\/revisions\/10589"}],"wp:attachment":[{"href":"https:\/\/discoverasprovalta-vrasna.com\/tr\/wp-json\/wp\/v2\/media?parent=47"}],"curies":[{"name":"wp","href":"https:\/\/api.w.org\/{rel}","templated":true}]}}